{"id":1377,"date":"2023-05-12T13:35:20","date_gmt":"2023-05-12T13:35:20","guid":{"rendered":"https:\/\/simassessors.es\/contacto\/"},"modified":"2024-10-28T15:46:50","modified_gmt":"2024-10-28T15:46:50","slug":"contacto","status":"publish","type":"page","link":"https:\/\/simassessors.es\/es\/contacto\/","title":{"rendered":"Contacto"},"content":{"rendered":"\t\t<div data-elementor-type=\"wp-page\" data-elementor-id=\"1377\" class=\"elementor elementor-1377 elementor-96\" data-elementor-post-type=\"page\">\n\t\t\t\t\t\t<section class=\"elementor-section elementor-top-section elementor-element elementor-element-307e7b2 elementor-section-boxed elementor-section-height-default elementor-section-height-default\" data-id=\"307e7b2\" data-element_type=\"section\">\n\t\t\t\t\t\t<div class=\"elementor-container elementor-column-gap-default\">\n\t\t\t\t\t<div class=\"elementor-column elementor-col-100 elementor-top-column elementor-element elementor-element-9f087b9\" data-id=\"9f087b9\" data-element_type=\"column\">\n\t\t\t<div class=\"elementor-widget-wrap elementor-element-populated\">\n\t\t\t\t\t\t<div class=\"elementor-element elementor-element-565c39f elementor-widget elementor-widget-heading\" data-id=\"565c39f\" data-element_type=\"widget\" data-widget_type=\"heading.default\">\n\t\t\t\t<div class=\"elementor-widget-container\">\n\t\t\t\t\t<h2 class=\"elementor-heading-title elementor-size-default\">Vis\u00edtenos<\/h2>\t\t\t\t<\/div>\n\t\t\t\t<\/div>\n\t\t\t\t<div class=\"elementor-element elementor-element-9021e8b elementor-widget elementor-widget-text-editor\" data-id=\"9021e8b\" data-element_type=\"widget\" data-widget_type=\"text-editor.default\">\n\t\t\t\t<div class=\"elementor-widget-container\">\n\t\t\t\t\t\t\t\t\t<p>Ven a nuestras oficinas situadas en la calle Antoni Isern 2 Bajos de Reus y cu\u00e9ntanos qu\u00e9 necesitas. Puedes llamarnos o escribirnos para pedir cita, y te atenderemos encantados. Te explicaremos c\u00f3mo trabajamos y te ofreceremos las mejores soluciones personalizadas para tu negocio. \u00a1Te esperamos!   <\/p>\n\t\t\t\t\t\t\t\t<\/div>\n\t\t\t\t<\/div>\n\t\t\t\t<section class=\"elementor-section elementor-inner-section elementor-element elementor-element-9ecea36 elementor-section-boxed elementor-section-height-default elementor-section-height-default\" data-id=\"9ecea36\" data-element_type=\"section\">\n\t\t\t\t\t\t<div class=\"elementor-container elementor-column-gap-default\">\n\t\t\t\t\t<div class=\"elementor-column elementor-col-50 elementor-inner-column elementor-element elementor-element-455a1f0\" data-id=\"455a1f0\" data-element_type=\"column\">\n\t\t\t<div class=\"elementor-widget-wrap elementor-element-populated\">\n\t\t\t\t\t\t<div class=\"elementor-element elementor-element-64712ad elementor-widget elementor-widget-text-editor\" data-id=\"64712ad\" data-element_type=\"widget\" data-widget_type=\"text-editor.default\">\n\t\t\t\t<div class=\"elementor-widget-container\">\n\t\t\t\t\t\t\t\t\t<p>C. de Antoni Isern, 2, bajos<br \/> 43205 Reus<\/p>\n\t\t\t\t\t\t\t\t<\/div>\n\t\t\t\t<\/div>\n\t\t\t\t<div class=\"elementor-element elementor-element-3bb16a0 elementor-widget elementor-widget-text-editor\" data-id=\"3bb16a0\" data-element_type=\"widget\" data-widget_type=\"text-editor.default\">\n\t\t\t\t<div class=\"elementor-widget-container\">\n\t\t\t\t\t\t\t\t\t<p><strong>T. <a href=\"tel:+34977775077\">977 77 50 77<\/a><\/strong><br \/> <strong>M. <a href=\"tel:+34608867546\">608 867 546<\/a><br \/><\/strong> <a href=\"mailto:fiscal@simassessors.es\">fiscal@simassessors.es<\/a><\/p>\n\t\t\t\t\t\t\t\t<\/div>\n\t\t\t\t<\/div>\n\t\t\t\t<div class=\"elementor-element elementor-element-1168deb elementor-widget elementor-widget-text-editor\" data-id=\"1168deb\" data-element_type=\"widget\" data-widget_type=\"text-editor.default\">\n\t\t\t\t<div class=\"elementor-widget-container\">\n\t\t\t\t\t\t\t\t\t<p><strong>HORARIO DE INVIERNO<\/strong><br \/> DL\/DJ de 8.30 a 17 h<br \/> DV de 8:30 a 14 h<\/p>\n<p><strong>HORARIO DE VERANO<\/strong><br \/> DL\/DV de 8.00 a 14 h<\/p>\n\t\t\t\t\t\t\t\t<\/div>\n\t\t\t\t<\/div>\n\t\t\t\t\t<\/div>\n\t\t<\/div>\n\t\t\t\t<div class=\"elementor-column elementor-col-50 elementor-inner-column elementor-element elementor-element-b9bb194\" data-id=\"b9bb194\" data-element_type=\"column\">\n\t\t\t<div class=\"elementor-widget-wrap elementor-element-populated\">\n\t\t\t\t\t\t<div class=\"elementor-element elementor-element-d786f88 elementor-widget elementor-widget-google_maps\" data-id=\"d786f88\" data-element_type=\"widget\" data-widget_type=\"google_maps.default\">\n\t\t\t\t<div class=\"elementor-widget-container\">\n\t\t\t\t\t\t\t<div class=\"elementor-custom-embed\">\n\t\t\t<iframe loading=\"lazy\"\n\t\t\t\t\tsrc=\"https:\/\/maps.google.com\/maps?q=Sim%20Assessors&#038;t=m&#038;z=15&#038;output=embed&#038;iwloc=near\"\n\t\t\t\t\ttitle=\"Sim Assessors\"\n\t\t\t\t\taria-label=\"Sim Assessors\"\n\t\t\t><\/iframe>\n\t\t<\/div>\n\t\t\t\t\t\t<\/div>\n\t\t\t\t<\/div>\n\t\t\t\t\t<\/div>\n\t\t<\/div>\n\t\t\t\t\t<\/div>\n\t\t<\/section>\n\t\t\t\t\t<\/div>\n\t\t<\/div>\n\t\t\t\t\t<\/div>\n\t\t<\/section>\n\t\t\t\t<section class=\"elementor-section elementor-top-section elementor-element elementor-element-287463e elementor-section-height-min-height elementor-section-content-middle elementor-section-boxed elementor-section-height-default elementor-section-items-middle\" data-id=\"287463e\" data-element_type=\"section\" data-settings=\"{&quot;background_background&quot;:&quot;classic&quot;}\">\n\t\t\t\t\t\t\t<div class=\"elementor-background-overlay\"><\/div>\n\t\t\t\t\t\t\t<div class=\"elementor-container elementor-column-gap-default\">\n\t\t\t\t\t<div class=\"elementor-column elementor-col-100 elementor-top-column elementor-element elementor-element-d7c3166\" data-id=\"d7c3166\" data-element_type=\"column\">\n\t\t\t<div class=\"elementor-widget-wrap elementor-element-populated\">\n\t\t\t\t\t\t<div class=\"elementor-element elementor-element-4d64a96 elementor-widget elementor-widget-heading\" data-id=\"4d64a96\" data-element_type=\"widget\" data-widget_type=\"heading.default\">\n\t\t\t\t<div class=\"elementor-widget-container\">\n\t\t\t\t\t<span class=\"elementor-heading-title elementor-size-default\">NOS ENCONTRAR\u00c1S EN REUS, VIS\u00cdTANOS<\/span>\t\t\t\t<\/div>\n\t\t\t\t<\/div>\n\t\t\t\t<div class=\"elementor-element elementor-element-b9969a4 elementor-widget elementor-widget-heading\" data-id=\"b9969a4\" data-element_type=\"widget\" data-widget_type=\"heading.default\">\n\t\t\t\t<div class=\"elementor-widget-container\">\n\t\t\t\t\t<span class=\"elementor-heading-title elementor-size-default\">C. DE ANTONI ISERN, 2, BAJOS<\/span>\t\t\t\t<\/div>\n\t\t\t\t<\/div>\n\t\t\t\t\t<\/div>\n\t\t<\/div>\n\t\t\t\t\t<\/div>\n\t\t<\/section>\n\t\t\t\t<\/div>\n\t\t","protected":false},"excerpt":{"rendered":"<p>Vis\u00edtenos Ven a nuestras oficinas situadas en la calle Antoni Isern 2 Bajos de Reus y cu\u00e9ntanos qu\u00e9 necesitas. Puedes llamarnos o escribirnos para pedir cita, y te atenderemos encantados. Te explicaremos c\u00f3mo trabajamos y te ofreceremos las mejores soluciones personalizadas para tu negocio. \u00a1Te esperamos! C. de Antoni Isern, 2, bajos 43205 Reus T. [&hellip;]<\/p>\n","protected":false},"author":1,"featured_media":0,"parent":0,"menu_order":0,"comment_status":"closed","ping_status":"closed","template":"","meta":{"footnotes":""},"class_list":["post-1377","page","type-page","status-publish","hentry"],"_links":{"self":[{"href":"https:\/\/simassessors.es\/es\/wp-json\/wp\/v2\/pages\/1377"}],"collection":[{"href":"https:\/\/simassessors.es\/es\/wp-json\/wp\/v2\/pages"}],"about":[{"href":"https:\/\/simassessors.es\/es\/wp-json\/wp\/v2\/types\/page"}],"author":[{"embeddable":true,"href":"https:\/\/simassessors.es\/es\/wp-json\/wp\/v2\/users\/1"}],"replies":[{"embeddable":true,"href":"https:\/\/simassessors.es\/es\/wp-json\/wp\/v2\/comments?post=1377"}],"version-history":[{"count":3,"href":"https:\/\/simassessors.es\/es\/wp-json\/wp\/v2\/pages\/1377\/revisions"}],"predecessor-version":[{"id":1534,"href":"https:\/\/simassessors.es\/es\/wp-json\/wp\/v2\/pages\/1377\/revisions\/1534"}],"wp:attachment":[{"href":"https:\/\/simassessors.es\/es\/wp-json\/wp\/v2\/media?parent=1377"}],"curies":[{"name":"wp","href":"https:\/\/api.w.org\/{rel}","templated":true}]}}